{"id":514,"date":"2023-05-10T17:15:29","date_gmt":"2023-05-10T17:15:29","guid":{"rendered":"https:\/\/www.grupocimd.com\/politica-privacidad\/"},"modified":"2024-01-30T11:47:50","modified_gmt":"2024-01-30T11:47:50","slug":"politica-de-privacidade","status":"publish","type":"page","link":"https:\/\/grupocimd.com\/pt-pt\/politica-de-privacidade\/","title":{"rendered":"Pol\u00edtica de privacidade"},"content":{"rendered":"\r\n<p><strong>Pol\u00edtica de privacidade<\/strong><\/p>\r\n<p>CORRETAJE E INFORMACI\u00d3N MONETARIA Y DE DIVISAS, S.A. , NIF A-28923662, e endere\u00e7o fiscal em c \/ Pr\u00edncipe de Vergara, 131, Planta 3\u00aa, 28006 Madrid \u00e9 respons\u00e1vel pelo tratamento dos dados pessoais.<\/p>\r\n<p>O Data Protection Officer \u00e9 a empresa Seguridad y Privacidad de Datos S.L., com a qual pode contactar por email:\u00a0<a href=\"mailto:infodpo@forlopd.es\">infodpo@forlopd.es<\/a><\/p>\r\n<p>O interessado garante que os dados fornecidos s\u00e3o verdadeiros, exatos, completos e atualizados; concordando em informar qualquer altera\u00e7\u00e3o relativa aos dados que fornecer, atrav\u00e9s dos canais habilitados para o efeito e indicados nesta pol\u00edtica. Ser\u00e1 respons\u00e1vel por quaisquer danos ou perdas, diretos e indiretos, que possam resultar do descumprimento desta obriga\u00e7\u00e3o.<\/p>\r\n<p>No caso de o usu\u00e1rio fornecer dados de terceiros, ele declara que tem o consentimento das partes interessadas e se compromete a transferir as informa\u00e7\u00f5es contidas nesta cl\u00e1usula, isentando a organiza\u00e7\u00e3o de qualquer responsabilidade decorrente do descumprimento desta obriga\u00e7\u00e3o.<\/p>\r\n<p>Interessado; Com base no consentimento que voc\u00ea nos deu para processar seus dados para os fins indicados e nosso leg\u00edtimo interesse em prevenir ataques ao nosso site, podemos realizar as seguintes atividades:<\/p>\r\n<p>-Responder \u00e0s solicita\u00e7\u00f5es de informa\u00e7\u00f5es recebidas por meio de nossos canais de contato.<\/p>\r\n<p>-Entenda o comportamento do usu\u00e1rio dentro da web para detectar poss\u00edveis ataques de computador em nossa web.<\/p>\r\n<p>-Manteremos os seus dados pessoais apenas durante o tempo necess\u00e1rio \u00e0 realiza\u00e7\u00e3o dos fins para os quais foram recolhidos e desde que n\u00e3o revogue os consentimentos concedidos.<\/p>\r\n<p><strong>Clientes:<\/strong><\/p>\r\n<p>Com base no consentimento dado, podemos realizar as seguintes tarefas:-A gest\u00e3o da rela\u00e7\u00e3o comercial.-Envio de comunica\u00e7\u00f5es comerciais.-Atender e resolver reclama\u00e7\u00f5es e incidentes.-Responda \u00e0s solicita\u00e7\u00f5es feitas pelos usu\u00e1rios.-A presta\u00e7\u00e3o dos servi\u00e7os que nos contratou.-Realizar pesquisas de qualidade que nos permitam avaliar nosso servi\u00e7o.-A prepara\u00e7\u00e3o de perfis para lhe poder oferecer outros produtos e \/ ou servi\u00e7os prestados pela CORRETAJE E INFORMACI\u00d3N MONETARIA Y DE DIVISAS, S.A. relacionadas aos meus interesses e \/ ou necessidades. Somente se voc\u00ea nos der seu consentimento expresso para esse fim. A transfer\u00eancia dos seus dados para terceiros colaboradores da CORRETAJE E INFORMACI\u00d3N MONETARIA Y DE DIVISAS, S.A. enviar ofertas comerciais exclusivas por ser cliente da CORRETAJE E INFORMACI\u00d3N MONETARIA Y DE DIVISAS, S.A. Somente se voc\u00ea nos der seu consentimento expresso para esse fim.-Entenda o comportamento do usu\u00e1rio dentro da web para detectar poss\u00edveis ataques de computador em nossa web. Para esses fins, usamos as informa\u00e7\u00f5es estat\u00edsticas preparadas pelo Provedor de Servi\u00e7os de Internet.<\/p>\r\n<p>Manteremos os seus dados pessoais apenas durante o tempo necess\u00e1rio \u00e0 realiza\u00e7\u00e3o dos fins para os quais foram recolhidos e desde que n\u00e3o revogue os consentimentos concedidos. Terminada a rela\u00e7\u00e3o contratual, somos obrigados a guardar os seus dados pelos prazos legalmente estabelecidos em mat\u00e9ria legal, fiscal e contabil\u00edstica. Os seus dados ser\u00e3o guardados exclusivamente para este fim, sendo bloqueado o acesso aos mesmos e qualquer outro tratamento diferente ao aqui indicado. Ap\u00f3s este per\u00edodo, os dados ser\u00e3o apagados de forma que n\u00e3o seja poss\u00edvel recuper\u00e1-los.<\/p>\r\n<p><strong>Candidatos a ofertas de emprego:<\/strong><\/p>\r\n<p>Com base no consentimento que voc\u00ea nos deu para processar seus dados para os fins indicados, podemos realizar as seguintes atividades:-Gerencie seu aplicativo.-Comunique-se com voc\u00ea para inform\u00e1-lo sobre o andamento do processo de sele\u00e7\u00e3o e sua candidatura nele.-Entenda o comportamento do usu\u00e1rio dentro da web para detectar poss\u00edveis ataques de computador em nossa web.-Enviar-lhe informa\u00e7\u00e3o sobre as diferentes ofertas formativas que fazemos e que se adaptam \u00e0s suas necessidades; contanto que voc\u00ea nos tenha previamente autorizado a lhe enviar tais informa\u00e7\u00f5es.Manteremos seus dados pessoais apenas durante o processo de sele\u00e7\u00e3o para o qual voc\u00ea se inscreveu. Expirado esse per\u00edodo, ser\u00e3o guardados por um ano a partir da data do \u00faltimo pedido. Ap\u00f3s este per\u00edodo, os dados ser\u00e3o apagados de forma que n\u00e3o seja poss\u00edvel recuper\u00e1-los.<\/p>\r\n<p><strong>Direitos:<\/strong><\/p>\r\n<p>Voc\u00ea tem o direito de acessar seus dados pessoais, retific\u00e1-los, exclu\u00ed-los, opor-se ao seu tratamento ou limit\u00e1-los.Voc\u00ea pode retirar o consentimento que nos deu a qualquer momento.Voc\u00ea tamb\u00e9m tem o direito de solicitar a portabilidade de seus dados (desde que seja tecnicamente poss\u00edvel) e n\u00e3o estar sujeito a uma decis\u00e3o automatizada com base em perfis (embora n\u00e3o tomemos decis\u00f5es automatizadas com base em perfis nem criemos perfis de qualquer Gentil)Caso n\u00e3o esteja satisfeito com a forma como processamos seus dados, voc\u00ea tem o direito de fazer uma reclama\u00e7\u00e3o.Voc\u00ea pode exercer seus direitos escrevendo para CORRETAJE E INFORMACI\u00d3N MONETARIA Y DE DIVISAS, S.A. para o seguinte endere\u00e7o: c \/ Pr\u00edncipe de Vergara, 131, Planta 3\u00aa 28006, Madrid ou por e-mail enviado para o seguinte endere\u00e7o:\u00a0<a href=\"mailto:info@grupocimd.com\">info@grupocimd.com<\/a>Em ambos os casos, voc\u00ea deve acompanhar uma c\u00f3pia de seu documento de identidade. ou documento equivalente para comprovar a sua identidade.Analisaremos sua solicita\u00e7\u00e3o e \/ ou reclama\u00e7\u00e3o para lhe dar uma resposta e solucionar o incidente o mais r\u00e1pido poss\u00edvel.Se ainda considerar que os seus dados pessoais n\u00e3o foram tratados de forma adequada, pode apresentar uma reclama\u00e7\u00e3o junto da autoridade de controlo (<a href=\"http:\/\/www.agpd.es\/\" data-saferedirecturl=\"https:\/\/www.google.com\/url?q=http:\/\/www.agpd.es&amp;source=gmail&amp;ust=1632402427175000&amp;usg=AFQjCNHqQ4tRAAYA5eZ9OoSLNQHBvECFsA\">http:\/\/www.agpd.es<\/a>).<\/p>\r\n<p><strong>Veracidade de dados:<\/strong><\/p>\r\n<p>interessado garante que os dados fornecidos s\u00e3o verdadeiros, exatos, completos e atualizados; concordando em informar qualquer altera\u00e7\u00e3o relativa aos dados que fornecer, atrav\u00e9s dos canais habilitados para o efeito e indicados no ponto um desta pol\u00edtica. Ser\u00e1 respons\u00e1vel por quaisquer danos ou perdas, diretos e indiretos, que possam ser causados \u200b\u200bem consequ\u00eancia do descumprimento desta obriga\u00e7\u00e3o. No caso de o usu\u00e1rio fornecer dados de terceiros, ele declara que tem o consentimento das partes interessadas e se compromete a transferir as informa\u00e7\u00f5es contidas nesta cl\u00e1usula, isentando a organiza\u00e7\u00e3o de qualquer responsabilidade decorrente do descumprimento desta obriga\u00e7\u00e3o.<\/p>\r\n","protected":false},"excerpt":{"rendered":"<p>Pol\u00edtica de privacidade CORRETAJE E INFORMACI\u00d3N MONETARIA Y DE DIVISAS, S.A. , NIF A-28923662, e endere\u00e7o fiscal em c \/ Pr\u00edncipe de Vergara, 131, Planta 3\u00aa, 28006 Madrid \u00e9 respons\u00e1vel pelo tratamento dos dados pessoais. O Data Protection Officer \u00e9 a empresa Seguridad y Privacidad de Datos S.L., com a qual pode contactar por email:\u00a0infodpo@forlopd.es [&hellip;]<\/p>\n","protected":false},"author":1,"featured_media":82,"parent":0,"menu_order":0,"comment_status":"closed","ping_status":"open","template":"template-legal.php","meta":{"_acf_changed":false,"footnotes":""},"class_list":["post-514","page","type-page","status-publish","has-post-thumbnail","hentry"],"acf":[],"_links":{"self":[{"href":"https:\/\/grupocimd.com\/pt-pt\/wp-json\/wp\/v2\/pages\/514","targetHints":{"allow":["GET"]}}],"collection":[{"href":"https:\/\/grupocimd.com\/pt-pt\/wp-json\/wp\/v2\/pages"}],"about":[{"href":"https:\/\/grupocimd.com\/pt-pt\/wp-json\/wp\/v2\/types\/page"}],"author":[{"embeddable":true,"href":"https:\/\/grupocimd.com\/pt-pt\/wp-json\/wp\/v2\/users\/1"}],"replies":[{"embeddable":true,"href":"https:\/\/grupocimd.com\/pt-pt\/wp-json\/wp\/v2\/comments?post=514"}],"version-history":[{"count":1,"href":"https:\/\/grupocimd.com\/pt-pt\/wp-json\/wp\/v2\/pages\/514\/revisions"}],"predecessor-version":[{"id":570,"href":"https:\/\/grupocimd.com\/pt-pt\/wp-json\/wp\/v2\/pages\/514\/revisions\/570"}],"wp:featuredmedia":[{"embeddable":true,"href":"https:\/\/grupocimd.com\/pt-pt\/wp-json\/wp\/v2\/media\/82"}],"wp:attachment":[{"href":"https:\/\/grupocimd.com\/pt-pt\/wp-json\/wp\/v2\/media?parent=514"}],"curies":[{"name":"wp","href":"https:\/\/api.w.org\/{rel}","templated":true}]}}