{"id":504,"date":"2023-09-27T10:08:27","date_gmt":"2023-09-27T10:08:27","guid":{"rendered":"https:\/\/www.grupocimd.com\/atencion-al-cliente\/"},"modified":"2024-01-30T11:42:14","modified_gmt":"2024-01-30T11:42:14","slug":"atencion-al-cliente","status":"publish","type":"page","link":"https:\/\/grupocimd.com\/pt-pt\/atencion-al-cliente\/","title":{"rendered":"Atendimento ao Cliente"},"content":{"rendered":"<p class=\"p1\">De acordo com o disposto na Lei 44\/2002, de 22 de novembro, de medidas de reforma do sistema financeiro, a Ordem ECO\/734\/2004, de 11 de mar\u00e7o e norma de aplica\u00e7\u00e3o, a Empresa coloca \u00e0 disposi\u00e7\u00e3o dos seus clientes um \u201cServi\u00e7o de Atendimento ao Cliente\u201d que receber\u00e1 e resolver\u00e1 num prazo m\u00e1ximo de dois meses as queixas e as reclama\u00e7\u00f5es que os seus clientes possam colocar.<\/p>\n<div class=\"sticker\">\n<h4 class=\"h4\">Customer Sevice<\/h4>\n<p>Calle del Pr\u00edncipe de Vergara, 131, 3\u00aa planta &#8211; 28002 Madrid, Espa\u00f1a<\/p>\n<p>Ou por Email<\/p>\n<p><a href=\"mailto:atencionalcliente@grupocimd.com\">atencionalcliente@grupocimd.com<\/a><\/p>\n<\/div>\n<p>Caso n\u00e3o sejam resolvidos de forma satisfat\u00f3ria, voc\u00ea poder\u00e1 entrar em contato com o Comiss\u00e1rio de Defesa dos Clientes de Servi\u00e7os Financeiros da CNMV.<\/p>\n<p><a href=\"\/wp-content\/uploads\/2023\/09\/Reglamento_para_la_defensa_del_cliente-2.pdf\" download=\"\">Regulamento para a defesa do cliente<\/a><\/p>\n","protected":false},"excerpt":{"rendered":"<p>De acordo com o disposto na Lei 44\/2002, de 22 de novembro, de medidas de reforma do sistema financeiro, a Ordem ECO\/734\/2004, de 11 de mar\u00e7o e norma de aplica\u00e7\u00e3o, a Empresa coloca \u00e0 disposi\u00e7\u00e3o dos seus clientes um \u201cServi\u00e7o de Atendimento ao Cliente\u201d que receber\u00e1 e resolver\u00e1 num prazo m\u00e1ximo de dois meses as [&hellip;]<\/p>\n","protected":false},"author":1,"featured_media":0,"parent":0,"menu_order":0,"comment_status":"closed","ping_status":"closed","template":"template-legal.php","meta":{"_acf_changed":false,"footnotes":""},"class_list":["post-504","page","type-page","status-publish","hentry"],"acf":[],"_links":{"self":[{"href":"https:\/\/grupocimd.com\/pt-pt\/wp-json\/wp\/v2\/pages\/504","targetHints":{"allow":["GET"]}}],"collection":[{"href":"https:\/\/grupocimd.com\/pt-pt\/wp-json\/wp\/v2\/pages"}],"about":[{"href":"https:\/\/grupocimd.com\/pt-pt\/wp-json\/wp\/v2\/types\/page"}],"author":[{"embeddable":true,"href":"https:\/\/grupocimd.com\/pt-pt\/wp-json\/wp\/v2\/users\/1"}],"replies":[{"embeddable":true,"href":"https:\/\/grupocimd.com\/pt-pt\/wp-json\/wp\/v2\/comments?post=504"}],"version-history":[{"count":1,"href":"https:\/\/grupocimd.com\/pt-pt\/wp-json\/wp\/v2\/pages\/504\/revisions"}],"predecessor-version":[{"id":562,"href":"https:\/\/grupocimd.com\/pt-pt\/wp-json\/wp\/v2\/pages\/504\/revisions\/562"}],"wp:attachment":[{"href":"https:\/\/grupocimd.com\/pt-pt\/wp-json\/wp\/v2\/media?parent=504"}],"curies":[{"name":"wp","href":"https:\/\/api.w.org\/{rel}","templated":true}]}}