{"id":1074,"date":"2025-10-15T10:24:36","date_gmt":"2025-10-15T10:24:36","guid":{"rendered":"https:\/\/grupocimd.com\/avisos\/"},"modified":"2025-10-15T10:27:20","modified_gmt":"2025-10-15T10:27:20","slug":"avisos","status":"publish","type":"page","link":"https:\/\/grupocimd.com\/pt-pt\/avisos\/","title":{"rendered":"Avisos"},"content":{"rendered":"<p data-start=\"0\" data-end=\"444\">Informa-se ao p\u00fablico em geral e, em particular, aos clientes e potenciais clientes das empresas de servi\u00e7os de investimento do Grupo CIMD, que pessoas ou entidades n\u00e3o autorizadas est\u00e3o utilizando indevidamente o nome de alguma das empresas do Grupo, bem como a imagem corporativa, logotipos e outras informa\u00e7\u00f5es corporativas, para oferecer servi\u00e7os de investimento de forma fraudulenta por meio de redes sociais, WhatsApp e outras aplica\u00e7\u00f5es.<\/p>\n<p data-start=\"446\" data-end=\"609\">A CIMD, S.A. esclarece que <strong data-start=\"473\" data-end=\"609\">n\u00e3o realiza contato direto nem solicita investimentos por meio de chamadas telef\u00f4nicas, e-mails, redes sociais ou outras aplica\u00e7\u00f5es.<\/strong><\/p>\n<p data-start=\"611\" data-end=\"834\">Se voc\u00ea foi contatado por algu\u00e9m que afirma representar nossa empresa em rela\u00e7\u00e3o a oportunidades de investimento a partir dos Pa\u00edses Baixos, pedimos que <strong data-start=\"764\" data-end=\"834\">n\u00e3o forne\u00e7a dados pessoais nem realize transfer\u00eancias de dinheiro.<\/strong><\/p>\n<p data-start=\"836\" data-end=\"953\">Estamos tomando as medidas legais necess\u00e1rias para conter essa poss\u00edvel atividade fraudulenta e proteger os usu\u00e1rios.<\/p>\n<p data-start=\"955\" data-end=\"989\" data-is-last-node=\"\" data-is-only-node=\"\">Agradecemos sua aten\u00e7\u00e3o e cautela.<\/p>\n","protected":false},"excerpt":{"rendered":"<p>Informa-se ao p\u00fablico em geral e, em particular, aos clientes e potenciais clientes das empresas de servi\u00e7os de investimento do Grupo CIMD, que pessoas ou entidades n\u00e3o autorizadas est\u00e3o utilizando indevidamente o nome de alguma das empresas do Grupo, bem como a imagem corporativa, logotipos e outras informa\u00e7\u00f5es corporativas, para oferecer servi\u00e7os de investimento de [&hellip;]<\/p>\n","protected":false},"author":1,"featured_media":0,"parent":0,"menu_order":0,"comment_status":"closed","ping_status":"closed","template":"template-legal.php","meta":{"_acf_changed":false,"footnotes":""},"class_list":["post-1074","page","type-page","status-publish","hentry"],"acf":[],"_links":{"self":[{"href":"https:\/\/grupocimd.com\/pt-pt\/wp-json\/wp\/v2\/pages\/1074","targetHints":{"allow":["GET"]}}],"collection":[{"href":"https:\/\/grupocimd.com\/pt-pt\/wp-json\/wp\/v2\/pages"}],"about":[{"href":"https:\/\/grupocimd.com\/pt-pt\/wp-json\/wp\/v2\/types\/page"}],"author":[{"embeddable":true,"href":"https:\/\/grupocimd.com\/pt-pt\/wp-json\/wp\/v2\/users\/1"}],"replies":[{"embeddable":true,"href":"https:\/\/grupocimd.com\/pt-pt\/wp-json\/wp\/v2\/comments?post=1074"}],"version-history":[{"count":1,"href":"https:\/\/grupocimd.com\/pt-pt\/wp-json\/wp\/v2\/pages\/1074\/revisions"}],"predecessor-version":[{"id":1076,"href":"https:\/\/grupocimd.com\/pt-pt\/wp-json\/wp\/v2\/pages\/1074\/revisions\/1076"}],"wp:attachment":[{"href":"https:\/\/grupocimd.com\/pt-pt\/wp-json\/wp\/v2\/media?parent=1074"}],"curies":[{"name":"wp","href":"https:\/\/api.w.org\/{rel}","templated":true}]}}